{"id":17886,"date":"2026-04-17T21:34:11","date_gmt":"2026-04-17T19:34:11","guid":{"rendered":"https:\/\/www.villapremoli.com\/?page_id=17886"},"modified":"2026-04-20T10:08:19","modified_gmt":"2026-04-20T08:08:19","slug":"villa","status":"publish","type":"page","link":"https:\/\/www.villapremoli.com\/en\/villa\/","title":{"rendered":"La Villa"},"content":{"rendered":"<div      class=\"vc_row wpb_row section vc_row-fluid  vc_custom_1776283552674 grid_section\" style=' text-align:left;'><div class=\"section_inner clearfix\"><div class='section_inner_margin clearfix'><div class=\"wpb_column vc_column_container vc_col-sm-8\"><div class=\"vc_column-inner\"><div class=\"wpb_wrapper\"><div class=\"custom_font_holder\" style=\"font-family: playfair display; font-size: 60px; line-height: 60px; font-style: normal; font-weight: 100; color: #36312d; text-decoration: none; letter-spacing: 0.5px; text-align: left;\">BENVENUTI A CASA<\/div>\t<div class=\"vc_empty_space\"  style=\"height: 12px\" ><span\n\t\t\tclass=\"vc_empty_space_inner\">\n\t\t\t<span class=\"empty_space_image\"  ><\/span>\n\t\t<\/span><\/div>\n\n<div class=\"custom_font_holder\" style=\"font-family: playfair display; font-size: 34px; line-height: 34px; font-style: normal; font-weight: 100; color: #36312d; text-decoration: none; letter-spacing: 0.5px; text-align: left;\">Un&#8217;accoglienza <em>famigliare<\/em><\/div>\t<div class=\"vc_empty_space\"  style=\"height: 36px\" ><span\n\t\t\tclass=\"vc_empty_space_inner\">\n\t\t\t<span class=\"empty_space_image\"  ><\/span>\n\t\t<\/span><\/div>\n\n<div class=\"custom_font_holder\" style=\"font-family: inter; font-size: 15px; line-height: 22px; font-style: normal; font-weight: 300; color: #36312d; text-decoration: none; letter-spacing: 0.5px; text-align: left;\">Affacciata sulle Colline del Prosecco e coccolata dalle terre natie di Antonio Canova, Villa Premoli \u00e8 raffinata dimora costruita nel XVII secolo. Rinata, oggi, dopo sette anni di attento e rispettoso restauro, \u00e8 diventata luogo di accoglienza in cui soggiornare, trascorrere il proprio \u201cgrande giorno\u201d o organizzare eventi MICE e team building.<\/div>\t<div class=\"vc_empty_space\"  style=\"height: 12px\" ><span\n\t\t\tclass=\"vc_empty_space_inner\">\n\t\t\t<span class=\"empty_space_image\"  ><\/span>\n\t\t<\/span><\/div>\n\n<div class=\"custom_font_holder\" style=\"font-family: inter; font-size: 15px; line-height: 22px; font-style: normal; font-weight: 300; color: #36312d; text-decoration: none; letter-spacing: 0.5px; text-align: left;\">\n<div class=\"custom_font_holder\">A Villa Premoli sarete accolti dal calore e dalla discrezione di una nobile casa di campagna, dove godere di un\u2019oasi di tranquillit\u00e0 e rigenerante benessere.<\/div>\n<\/div><\/div><\/div><\/div><div class=\"wpb_column vc_column_container vc_col-sm-4 vc_col-has-fill\"><div class=\"vc_column-inner vc_custom_1776276190752\"><div class=\"wpb_wrapper\"><\/div><\/div><\/div><\/div><\/div><\/div><div      class=\"vc_row wpb_row section vc_row-fluid  vc_custom_1776525112199 grid_section\" style=' text-align:left;'><div class=\"section_inner clearfix\"><div class='section_inner_margin clearfix'><div class=\"wpb_column vc_column_container vc_col-sm-8\"><div class=\"vc_column-inner\"><div class=\"wpb_wrapper\"><div class=\"custom_font_holder\" style=\"font-family: playfair display; font-size: 60px; line-height: 60px; font-style: normal; font-weight: 100; color: #36312d; text-decoration: none; letter-spacing: 0.5px; text-align: left;\">LA STORIA<\/div>\t<div class=\"vc_empty_space\"  style=\"height: 12px\" ><span\n\t\t\tclass=\"vc_empty_space_inner\">\n\t\t\t<span class=\"empty_space_image\"  ><\/span>\n\t\t<\/span><\/div>\n\n<div class=\"custom_font_holder\" style=\"font-family: playfair display; font-size: 34px; line-height: 34px; font-style: normal; font-weight: 100; color: #36312d; text-decoration: none; letter-spacing: 0.5px; text-align: left;\">Dal XVII secolo <em>a oggi<\/em><\/div>\t<div class=\"vc_empty_space\"  style=\"height: 36px\" ><span\n\t\t\tclass=\"vc_empty_space_inner\">\n\t\t\t<span class=\"empty_space_image\"  ><\/span>\n\t\t<\/span><\/div>\n\n<div class=\"custom_font_holder\" style=\"font-family: inter; font-size: 15px; line-height: 22px; font-style: normal; font-weight: 300; color: #36312d; text-decoration: none; letter-spacing: 0.5px; text-align: left;\">Villa Premoli \u00e8 una Villa Veneta del XVII secolo, situata ai piedi del Monte Tomba, a pochi minuti da Possagno, il borgo del grande Antonio Canova, autore di capolavori scultorei, quali le celebri statue: Amore e Psiche, le Tre Grazie, Paolina Borghese, e tante altre bellezze custodite nella vicina Gipsoteca a lui titolata.<\/div>\t<div class=\"vc_empty_space\"  style=\"height: 12px\" ><span\n\t\t\tclass=\"vc_empty_space_inner\">\n\t\t\t<span class=\"empty_space_image\"  ><\/span>\n\t\t<\/span><\/div>\n\n<div class=\"custom_font_holder\" style=\"font-family: inter; font-size: 15px; line-height: 22px; font-style: normal; font-weight: 300; color: #36312d; text-decoration: none; letter-spacing: 0.5px; text-align: left;\">\n<div class=\"custom_font_holder\">La Villa, un tempo di propriet\u00e0 della famiglia Bianchi, imprenditori nel campo della lana presenti nel borgo di Obledo fin dal XV secolo, si trasmette in eredit\u00e0 attraverso la linea femminile, divenendo quindi, nella seconda met\u00e0 dell\u2019Ottocento, propriet\u00e0 della nobile famiglia dei Conti Premoli, da cui Enrico Spagnolo, attuale proprietario insieme alla moglie Paola, \u00e8 discendente.<\/div>\n<\/div>\t<div class=\"vc_empty_space\"  style=\"height: 12px\" ><span\n\t\t\tclass=\"vc_empty_space_inner\">\n\t\t\t<span class=\"empty_space_image\"  ><\/span>\n\t\t<\/span><\/div>\n\n<div class=\"custom_font_holder\" style=\"font-family: inter; font-size: 15px; line-height: 22px; font-style: normal; font-weight: 300; color: #36312d; text-decoration: none; letter-spacing: 0.5px; text-align: left;\">\n<div class=\"custom_font_holder\">L\u2019edificio principale di tre piani \u00e8 circondato da un giardino all\u2019italiana, con un antico pozzo veneziano, dalle scuderie e da una pregevole Barchessa con loggiato che guarda ai colli asolani. Non pu\u00f2 mancare una suggestiva cantina, la cui origine \u00e8 nota per una data qui scolpita che la fa risalire al 1679.<\/div>\n<\/div>\t<div class=\"vc_empty_space\"  style=\"height: 12px\" ><span\n\t\t\tclass=\"vc_empty_space_inner\">\n\t\t\t<span class=\"empty_space_image\"  ><\/span>\n\t\t<\/span><\/div>\n\n<div class=\"custom_font_holder\" style=\"font-family: inter; font-size: 15px; line-height: 22px; font-style: normal; font-weight: 300; color: #36312d; text-decoration: none; letter-spacing: 0.5px; text-align: left;\">Il corpo pi\u00f9 antico dell\u2019attuale Villa, dall\u2019impianto tipico della casa veneziana, \u00e8 tripartito in salone centrale passante con le quattro stanze laterali.<\/div>\t<div class=\"vc_empty_space\"  style=\"height: 12px\" ><span\n\t\t\tclass=\"vc_empty_space_inner\">\n\t\t\t<span class=\"empty_space_image\"  ><\/span>\n\t\t<\/span><\/div>\n\n<div class=\"custom_font_holder\" style=\"font-family: inter; font-size: 15px; line-height: 22px; font-style: normal; font-weight: 300; color: #36312d; text-decoration: none; letter-spacing: 0.5px; text-align: left;\">Di fronte alla villa si estende il tradizionale \u201cbrolo\u201d ossia il terreno anticamente adibito a coltivazione di frutti, piante ed ortaggi che in Villa Premoli prende il nome di \u201ccio\u00e8re\u201d, da \u201cchiod\u00e8re\u201d, ossia il luogo dove anticamente si usavano attrezzi in legno a rastrelliera con terminazione a chiodi per la lavorazione della lana.<\/div>\t<div class=\"vc_empty_space\"  style=\"height: 12px\" ><span\n\t\t\tclass=\"vc_empty_space_inner\">\n\t\t\t<span class=\"empty_space_image\"  ><\/span>\n\t\t<\/span><\/div>\n\n<div class=\"custom_font_holder\" style=\"font-family: inter; font-size: 15px; line-height: 22px; font-style: normal; font-weight: 300; color: #36312d; text-decoration: none; letter-spacing: 0.5px; text-align: left;\">Oggi il brolo \u00e8 coltivato a vigneto, dove Enrico produce con passione un Prosecco Asolo DOCG con certificazione biologica, fiore all\u2019occhiello della propriet\u00e0.<\/div><\/div><\/div><\/div><div class=\"wpb_column vc_column_container vc_col-sm-4 vc_col-has-fill\"><div class=\"vc_column-inner vc_custom_1776456927129\"><div class=\"wpb_wrapper\">\n\t<div class=\"wpb_single_image wpb_content_element vc_align_center\">\n\t\t<div class=\"wpb_wrapper\">\n\t\t\t\n\t\t\t<div class=\"vc_single_image-wrapper   vc_box_border_grey\"><img loading=\"lazy\" decoding=\"async\" width=\"596\" height=\"800\" src=\"https:\/\/www.villapremoli.com\/wp-content\/uploads\/2026\/04\/STEMMA-CASATO-PREMOLI.jpg\" class=\"vc_single_image-img attachment-full\" alt=\"\" title=\"\" srcset=\"https:\/\/www.villapremoli.com\/wp-content\/uploads\/2026\/04\/STEMMA-CASATO-PREMOLI.jpg 596w, https:\/\/www.villapremoli.com\/wp-content\/uploads\/2026\/04\/STEMMA-CASATO-PREMOLI-224x300.jpg 224w, https:\/\/www.villapremoli.com\/wp-content\/uploads\/2026\/04\/STEMMA-CASATO-PREMOLI-9x12.jpg 9w\" sizes=\"auto, (max-width: 596px) 100vw, 596px\" \/><\/div>\n\t\t<\/div>\n\t<\/div>\n<\/div><\/div><\/div><\/div><\/div><\/div><div      class=\"vc_row wpb_row section vc_row-fluid  vc_custom_1776525135287 grid_section\" style=' text-align:left;'><div class=\"section_inner clearfix\"><div class='section_inner_margin clearfix'><div class=\"wpb_column vc_column_container vc_col-sm-8\"><div class=\"vc_column-inner\"><div class=\"wpb_wrapper\"><div class=\"custom_font_holder\" style=\"font-family: playfair display; font-size: 60px; line-height: 60px; font-style: normal; font-weight: 100; color: #36312d; text-decoration: none; letter-spacing: 0.5px; text-align: left;\">IL RESTAURO<\/div>\t<div class=\"vc_empty_space\"  style=\"height: 12px\" ><span\n\t\t\tclass=\"vc_empty_space_inner\">\n\t\t\t<span class=\"empty_space_image\"  ><\/span>\n\t\t<\/span><\/div>\n\n<div class=\"custom_font_holder\" style=\"font-family: playfair display; font-size: 34px; line-height: 34px; font-style: normal; font-weight: 100; color: #36312d; text-decoration: none; letter-spacing: 0.5px; text-align: left;\"><em>Identit\u00e0 storica<\/em> e riconoscimento di una continuit\u00e0<\/div>\t<div class=\"vc_empty_space\"  style=\"height: 36px\" ><span\n\t\t\tclass=\"vc_empty_space_inner\">\n\t\t\t<span class=\"empty_space_image\"  ><\/span>\n\t\t<\/span><\/div>\n\n<div class=\"custom_font_holder\" style=\"font-family: inter; font-size: 15px; line-height: 22px; font-style: normal; font-weight: 300; color: #36312d; text-decoration: none; letter-spacing: 0.5px; text-align: left;\">Oggi Villa Premoli \u00e8 un luogo di accoglienza grazie all\u2019importante opera di restauro conservativo che Paola ed Enrico hanno avviato nel 2011 e terminato all\u2019inizio del 2018.<br \/>\nNel corso di questi sette anni, con molta attenzione in cui nulla si \u00e8 lasciato al caso, la Famiglia Spagnolo, gli architetti, cos\u00ec come tutti i professionisti e gli artigiani coinvolti, hanno eseguito i lavori con la massima cura nella selezione dei materiali, che per quanto possibile sono rimasti quelli di un tempo e quelli legati ai nostri luoghi. Obiettivo condiviso \u00e8 stato quello di un restauro volto al recupero di quanto gi\u00e0 esistente, riportandolo a nuova vita. Ogni opera \u00e8 stata eseguita in modo certosino da esperti artigiani che spesso hanno necessariamente allungato i tempi, in virt\u00f9 di un risultato che fosse quello pi\u00f9 ottimale per il bene di Villa Premoli.<br \/>\nDurante il restauro sono emerse le abilit\u00e0 tecniche costruttive che distinguono l\u2019architettura veneta di queste dimore e che sono parte integrante del nostro patrimonio culturale. Tutte le pitture interne sono state eseguite con materiali a base di calce, come si presentavano in origine. Allo stesso modo, ogni elemento rinvenuto nel corso del restauro \u00e8 stato valorizzato per illustrare le diverse fasi di lavorazione che si sono susseguite nelle diverse epoche.<br \/>\nLa Villa \u00e8 sottoposta a vincolo paesaggistico e monumentale dalla Soprintendenza Belle Arti di Venezia, e questo aspetto \u00e8 ulteriore garanzia, condivisa dalla famiglia Spagnolo, di voler riportare la Villa al suo antico splendore, senza mai alterarne la sua autenticit\u00e0.<br \/>\nIl mantenimento quindi degli aspetti architettonici e artistici sono valori assoluti che, nelle opere di restauro, si sono affiancati all\u2019introduzione di comfort e servizi necessari per una ospitalit\u00e0 di eccellenza. Ogni miglioria ed ogni modifica, necessaria per rendere la struttura un luogo di accoglienza turistica, non hanno modificato l\u2019essenza e la struttura originale della villa. In particolare i bagni delle stanze, funzionali e moderni, sono opere aggiunte e potenzialmente removibili che rispettano in primis gli spazi originali dell\u2019immobile. Di fondamentale importanza \u00e8 stata l\u2019esecuzione di opere volte al risparmio energetico ed alla sostenibilit\u00e0 ambientale, tema su cui la Famiglia Spagnolo ha sempre manifestato una particolare sensibilit\u00e0.<br \/>\nOggi Villa Premoli \u00e8 un esempio di come l\u2019antica ed autentica bellezza del nostro patrimonio culturale pu\u00f2 perfettamente integrarsi ad una ospitalit\u00e0 esclusiva, di charme, dedicata a chi sa e pu\u00f2 apprezzare questi luoghi.<\/div><\/div><\/div><\/div><div class=\"wpb_column vc_column_container vc_col-sm-4 vc_col-has-fill\"><div class=\"vc_column-inner vc_custom_1776276190752\"><div class=\"wpb_wrapper\">\n\t<div class=\"wpb_single_image wpb_content_element vc_align_center\">\n\t\t<div class=\"wpb_wrapper\">\n\t\t\t\n\t\t\t<div class=\"vc_single_image-wrapper   vc_box_border_grey\"><img loading=\"lazy\" decoding=\"async\" width=\"600\" height=\"900\" src=\"https:\/\/www.villapremoli.com\/wp-content\/uploads\/2022\/04\/Restauro-Villa-Premoli-4.jpg\" class=\"vc_single_image-img attachment-full\" alt=\"Restauro Villa Premoli\" title=\"\" \/><\/div>\n\t\t<\/div>\n\t<\/div>\n<\/div><\/div><\/div><\/div><\/div><\/div>","protected":false},"excerpt":{"rendered":"BENVENUTI A CASA Un'accoglienza famigliare Affacciata sulle Colline del Prosecco e coccolata dalle terre natie di Antonio Canova, Villa Premoli \u00e8 raffinata dimora costruita nel XVII secolo. Rinata, oggi, dopo sette anni di attento e rispettoso restauro, \u00e8 diventata luogo di accoglienza in cui soggiornare,...","protected":false},"author":1,"featured_media":0,"parent":0,"menu_order":0,"comment_status":"open","ping_status":"open","template":"full_width.php","meta":{"footnotes":""},"class_list":["post-17886","page","type-page","status-publish","hentry"],"yoast_head":"<!-- This site is optimized with the Yoast SEO plugin v27.4 - https:\/\/yoast.com\/product\/yoast-seo-wordpress\/ -->\n<title>La Villa - Villa Premoli<\/title>\n<meta name=\"robots\" content=\"index, follow, max-snippet:-1, max-image-preview:large, max-video-preview:-1\" \/>\n<link rel=\"canonical\" href=\"https:\/\/www.villapremoli.com\/en\/villa\/\" \/>\n<meta property=\"og:locale\" content=\"en_GB\" \/>\n<meta property=\"og:type\" content=\"article\" \/>\n<meta property=\"og:title\" content=\"La Villa - Villa Premoli\" \/>\n<meta property=\"og:url\" content=\"https:\/\/www.villapremoli.com\/en\/villa\/\" \/>\n<meta property=\"og:site_name\" content=\"Villa Premoli\" \/>\n<meta property=\"article:publisher\" content=\"https:\/\/www.facebook.com\/VillaPremoli\" \/>\n<meta property=\"article:modified_time\" content=\"2026-04-20T08:08:19+00:00\" \/>\n<meta name=\"twitter:card\" content=\"summary_large_image\" \/>\n<meta name=\"twitter:label1\" content=\"Estimated reading time\" \/>\n\t<meta name=\"twitter:data1\" content=\"6 minutes\" \/>\n<script type=\"application\/ld+json\" class=\"yoast-schema-graph\">{\"@context\":\"https:\\\/\\\/schema.org\",\"@graph\":[{\"@type\":\"WebPage\",\"@id\":\"https:\\\/\\\/www.villapremoli.com\\\/villa\\\/\",\"url\":\"https:\\\/\\\/www.villapremoli.com\\\/villa\\\/\",\"name\":\"La Villa - Villa Premoli\",\"isPartOf\":{\"@id\":\"https:\\\/\\\/www.villapremoli.com\\\/#website\"},\"datePublished\":\"2026-04-17T19:34:11+00:00\",\"dateModified\":\"2026-04-20T08:08:19+00:00\",\"breadcrumb\":{\"@id\":\"https:\\\/\\\/www.villapremoli.com\\\/villa\\\/#breadcrumb\"},\"inLanguage\":\"en-GB\",\"potentialAction\":[{\"@type\":\"ReadAction\",\"target\":[\"https:\\\/\\\/www.villapremoli.com\\\/villa\\\/\"]}]},{\"@type\":\"BreadcrumbList\",\"@id\":\"https:\\\/\\\/www.villapremoli.com\\\/villa\\\/#breadcrumb\",\"itemListElement\":[{\"@type\":\"ListItem\",\"position\":1,\"name\":\"Home\",\"item\":\"https:\\\/\\\/www.villapremoli.com\\\/\"},{\"@type\":\"ListItem\",\"position\":2,\"name\":\"La Villa\"}]},{\"@type\":\"WebSite\",\"@id\":\"https:\\\/\\\/www.villapremoli.com\\\/#website\",\"url\":\"https:\\\/\\\/www.villapremoli.com\\\/\",\"name\":\"Villa Premoli\",\"description\":\"Agriturismo di charme\",\"potentialAction\":[{\"@type\":\"SearchAction\",\"target\":{\"@type\":\"EntryPoint\",\"urlTemplate\":\"https:\\\/\\\/www.villapremoli.com\\\/?s={search_term_string}\"},\"query-input\":{\"@type\":\"PropertyValueSpecification\",\"valueRequired\":true,\"valueName\":\"search_term_string\"}}],\"inLanguage\":\"en-GB\"}]}<\/script>\n<!-- \/ Yoast SEO plugin. -->","yoast_head_json":{"title":"La Villa - Villa Premoli","robots":{"index":"index","follow":"follow","max-snippet":"max-snippet:-1","max-image-preview":"max-image-preview:large","max-video-preview":"max-video-preview:-1"},"canonical":"https:\/\/www.villapremoli.com\/en\/villa\/","og_locale":"en_GB","og_type":"article","og_title":"La Villa - Villa Premoli","og_url":"https:\/\/www.villapremoli.com\/en\/villa\/","og_site_name":"Villa Premoli","article_publisher":"https:\/\/www.facebook.com\/VillaPremoli","article_modified_time":"2026-04-20T08:08:19+00:00","twitter_card":"summary_large_image","twitter_misc":{"Estimated reading time":"6 minutes"},"schema":{"@context":"https:\/\/schema.org","@graph":[{"@type":"WebPage","@id":"https:\/\/www.villapremoli.com\/villa\/","url":"https:\/\/www.villapremoli.com\/villa\/","name":"La Villa - Villa Premoli","isPartOf":{"@id":"https:\/\/www.villapremoli.com\/#website"},"datePublished":"2026-04-17T19:34:11+00:00","dateModified":"2026-04-20T08:08:19+00:00","breadcrumb":{"@id":"https:\/\/www.villapremoli.com\/villa\/#breadcrumb"},"inLanguage":"en-GB","potentialAction":[{"@type":"ReadAction","target":["https:\/\/www.villapremoli.com\/villa\/"]}]},{"@type":"BreadcrumbList","@id":"https:\/\/www.villapremoli.com\/villa\/#breadcrumb","itemListElement":[{"@type":"ListItem","position":1,"name":"Home","item":"https:\/\/www.villapremoli.com\/"},{"@type":"ListItem","position":2,"name":"La Villa"}]},{"@type":"WebSite","@id":"https:\/\/www.villapremoli.com\/#website","url":"https:\/\/www.villapremoli.com\/","name":"Villa Premoli","description":"Agriturismo di charme","potentialAction":[{"@type":"SearchAction","target":{"@type":"EntryPoint","urlTemplate":"https:\/\/www.villapremoli.com\/?s={search_term_string}"},"query-input":{"@type":"PropertyValueSpecification","valueRequired":true,"valueName":"search_term_string"}}],"inLanguage":"en-GB"}]}},"_links":{"self":[{"href":"https:\/\/www.villapremoli.com\/en\/wp-json\/wp\/v2\/pages\/17886","targetHints":{"allow":["GET"]}}],"collection":[{"href":"https:\/\/www.villapremoli.com\/en\/wp-json\/wp\/v2\/pages"}],"about":[{"href":"https:\/\/www.villapremoli.com\/en\/wp-json\/wp\/v2\/types\/page"}],"author":[{"embeddable":true,"href":"https:\/\/www.villapremoli.com\/en\/wp-json\/wp\/v2\/users\/1"}],"replies":[{"embeddable":true,"href":"https:\/\/www.villapremoli.com\/en\/wp-json\/wp\/v2\/comments?post=17886"}],"version-history":[{"count":29,"href":"https:\/\/www.villapremoli.com\/en\/wp-json\/wp\/v2\/pages\/17886\/revisions"}],"predecessor-version":[{"id":18222,"href":"https:\/\/www.villapremoli.com\/en\/wp-json\/wp\/v2\/pages\/17886\/revisions\/18222"}],"wp:attachment":[{"href":"https:\/\/www.villapremoli.com\/en\/wp-json\/wp\/v2\/media?parent=17886"}],"curies":[{"name":"wp","href":"https:\/\/api.w.org\/{rel}","templated":true}]}}